{"id":129,"date":"2023-12-19T17:34:42","date_gmt":"2023-12-19T17:34:42","guid":{"rendered":"https:\/\/www.hyvaservice.fi\/?page_id=129"},"modified":"2024-01-02T15:07:25","modified_gmt":"2024-01-02T15:07:25","slug":"yrityksesta","status":"publish","type":"page","link":"https:\/\/www.hyvaservice.fi\/index.php\/yrityksesta\/","title":{"rendered":"Yrityksest\u00e4"},"content":{"rendered":"\t\t<div data-elementor-type=\"wp-page\" data-elementor-id=\"129\" class=\"elementor elementor-129\" data-elementor-post-type=\"page\">\n\t\t\t\t\t\t<section class=\"elementor-section elementor-top-section elementor-element elementor-element-48b5bc44 elementor-section-full_width elementor-section-content-bottom elementor-section-height-default elementor-section-height-default\" data-id=\"48b5bc44\" data-element_type=\"section\" data-settings=\"{&quot;background_background&quot;:&quot;classic&quot;}\">\n\t\t\t\t\t\t\t<div class=\"elementor-background-overlay\"><\/div>\n\t\t\t\t\t\t\t<div class=\"elementor-container elementor-column-gap-no\">\n\t\t\t\t\t<div class=\"elementor-column elementor-col-100 elementor-top-column elementor-element elementor-element-77ceb5b2\" data-id=\"77ceb5b2\" data-element_type=\"column\">\n\t\t\t<div class=\"elementor-widget-wrap elementor-element-populated\">\n\t\t\t\t\t\t<div class=\"elementor-element elementor-element-2619064b elementor-widget__width-auto elementor-absolute premium-floating-effects-yes elementor-hidden-laptop elementor-hidden-tablet elementor-hidden-mobile elementor-invisible elementor-widget elementor-widget-image\" data-id=\"2619064b\" data-element_type=\"widget\" data-settings=\"{&quot;_position&quot;:&quot;absolute&quot;,&quot;premium_fe_translate_switcher&quot;:&quot;yes&quot;,&quot;_animation&quot;:&quot;fadeInDown&quot;,&quot;premium_fe_trigger&quot;:&quot;load&quot;,&quot;premium_fe_Xtranslate&quot;:{&quot;unit&quot;:&quot;px&quot;,&quot;size&quot;:&quot;&quot;,&quot;sizes&quot;:{&quot;from&quot;:0,&quot;to&quot;:5}},&quot;premium_fe_Ytranslate&quot;:{&quot;unit&quot;:&quot;px&quot;,&quot;size&quot;:&quot;&quot;,&quot;sizes&quot;:{&quot;from&quot;:0,&quot;to&quot;:5}},&quot;premium_fe_trans_duration&quot;:{&quot;unit&quot;:&quot;px&quot;,&quot;size&quot;:1000,&quot;sizes&quot;:[]},&quot;premium_fe_trans_delay&quot;:{&quot;unit&quot;:&quot;px&quot;,&quot;size&quot;:&quot;&quot;,&quot;sizes&quot;:[]},&quot;premium_fe_direction&quot;:&quot;alternate&quot;,&quot;premium_fe_loop&quot;:&quot;default&quot;,&quot;premium_fe_easing&quot;:&quot;easeInOutSine&quot;}\" data-widget_type=\"image.default\">\n\t\t\t\t<div class=\"elementor-widget-container\">\n\t\t\t\t\t\t\t\t\t\t\t\t\t\t\t<img decoding=\"async\" width=\"156\" height=\"284\" src=\"https:\/\/www.hyvaservice.fi\/wp-content\/uploads\/2023\/12\/hero-hanging-bulb.png\" class=\"attachment-full size-full wp-image-16\" alt=\"\" \/>\t\t\t\t\t\t\t\t\t\t\t\t\t\t\t<\/div>\n\t\t\t\t<\/div>\n\t\t\t\t<section class=\"elementor-section elementor-inner-section elementor-element elementor-element-2ab46776 elementor-section-full_width elementor-section-height-default elementor-section-height-default\" data-id=\"2ab46776\" data-element_type=\"section\">\n\t\t\t\t\t\t<div class=\"elementor-container elementor-column-gap-no\">\n\t\t\t\t\t<div class=\"elementor-column elementor-col-50 elementor-inner-column elementor-element elementor-element-5ae032e9\" data-id=\"5ae032e9\" data-element_type=\"column\">\n\t\t\t<div class=\"elementor-widget-wrap elementor-element-populated\">\n\t\t\t\t\t\t<div class=\"elementor-element elementor-element-1b097d78 elementor-widget elementor-widget-heading\" data-id=\"1b097d78\" data-element_type=\"widget\" data-widget_type=\"heading.default\">\n\t\t\t\t<div class=\"elementor-widget-container\">\n\t\t\t\t\t<h2 class=\"elementor-heading-title elementor-size-default\">Tietoa<\/h2>\t\t\t\t<\/div>\n\t\t\t\t<\/div>\n\t\t\t\t<div class=\"elementor-element elementor-element-116166dc elementor-icon-list--layout-inline elementor-widget__width-auto elementor-list-item-link-full_width elementor-widget elementor-widget-icon-list\" data-id=\"116166dc\" data-element_type=\"widget\" data-widget_type=\"icon-list.default\">\n\t\t\t\t<div class=\"elementor-widget-container\">\n\t\t\t\t\t\t\t<ul class=\"elementor-icon-list-items elementor-inline-items\">\n\t\t\t\t\t\t\t<li class=\"elementor-icon-list-item elementor-inline-item\">\n\t\t\t\t\t\t\t\t\t\t\t<a href=\"#\">\n\n\t\t\t\t\t\t\t\t\t\t\t<span class=\"elementor-icon-list-text\">Koti<\/span>\n\t\t\t\t\t\t\t\t\t\t\t<\/a>\n\t\t\t\t\t\t\t\t\t<\/li>\n\t\t\t\t\t\t\t\t<li class=\"elementor-icon-list-item elementor-inline-item\">\n\t\t\t\t\t\t\t\t\t\t<span class=\"elementor-icon-list-text\">-<\/span>\n\t\t\t\t\t\t\t\t\t<\/li>\n\t\t\t\t\t\t\t\t<li class=\"elementor-icon-list-item elementor-inline-item\">\n\t\t\t\t\t\t\t\t\t\t\t<a href=\"#\">\n\n\t\t\t\t\t\t\t\t\t\t\t<span class=\"elementor-icon-list-text\">Yrityksest\u00e4<\/span>\n\t\t\t\t\t\t\t\t\t\t\t<\/a>\n\t\t\t\t\t\t\t\t\t<\/li>\n\t\t\t\t\t\t<\/ul>\n\t\t\t\t\t\t<\/div>\n\t\t\t\t<\/div>\n\t\t\t\t\t<\/div>\n\t\t<\/div>\n\t\t\t\t<div class=\"elementor-column elementor-col-50 elementor-inner-column elementor-element elementor-element-c6f8437\" data-id=\"c6f8437\" data-element_type=\"column\">\n\t\t\t<div class=\"elementor-widget-wrap elementor-element-populated\">\n\t\t\t\t\t\t<div class=\"elementor-element elementor-element-59776e11 elementor-invisible elementor-widget elementor-widget-image\" data-id=\"59776e11\" data-element_type=\"widget\" data-settings=\"{&quot;_animation&quot;:&quot;fadeInRight&quot;}\" data-widget_type=\"image.default\">\n\t\t\t\t<div class=\"elementor-widget-container\">\n\t\t\t\t\t\t\t\t\t\t\t\t\t\t\t<img decoding=\"async\" width=\"300\" height=\"125\" src=\"https:\/\/www.hyvaservice.fi\/wp-content\/uploads\/2023\/12\/fulllogo_transparent_nobuffer1-300x125.png\" class=\"attachment-medium size-medium wp-image-174\" alt=\"\" srcset=\"https:\/\/www.hyvaservice.fi\/wp-content\/uploads\/2023\/12\/fulllogo_transparent_nobuffer1-300x125.png 300w, https:\/\/www.hyvaservice.fi\/wp-content\/uploads\/2023\/12\/fulllogo_transparent_nobuffer1-1024x428.png 1024w, https:\/\/www.hyvaservice.fi\/wp-content\/uploads\/2023\/12\/fulllogo_transparent_nobuffer1-768x321.png 768w, https:\/\/www.hyvaservice.fi\/wp-content\/uploads\/2023\/12\/fulllogo_transparent_nobuffer1-e1739173112464.png 1220w\" sizes=\"(max-width: 300px) 100vw, 300px\" \/>\t\t\t\t\t\t\t\t\t\t\t\t\t\t\t<\/div>\n\t\t\t\t<\/div>\n\t\t\t\t\t<\/div>\n\t\t<\/div>\n\t\t\t\t\t<\/div>\n\t\t<\/section>\n\t\t\t\t\t<\/div>\n\t\t<\/div>\n\t\t\t\t\t<\/div>\n\t\t<\/section>\n\t\t\t\t<section class=\"elementor-section elementor-top-section elementor-element elementor-element-9b73aee elementor-section-boxed elementor-section-height-default elementor-section-height-default\" data-id=\"9b73aee\" data-element_type=\"section\" data-settings=\"{&quot;background_background&quot;:&quot;classic&quot;}\">\n\t\t\t\t\t\t\t<div class=\"elementor-background-overlay\"><\/div>\n\t\t\t\t\t\t\t<div class=\"elementor-container elementor-column-gap-no\">\n\t\t\t\t\t<div class=\"elementor-column elementor-col-50 elementor-top-column elementor-element elementor-element-628ce9b\" data-id=\"628ce9b\" data-element_type=\"column\">\n\t\t\t<div class=\"elementor-widget-wrap elementor-element-populated\">\n\t\t\t\t\t\t<div class=\"elementor-element elementor-element-63a325ab elementor-invisible elementor-widget elementor-widget-image\" data-id=\"63a325ab\" data-element_type=\"widget\" data-settings=\"{&quot;_animation&quot;:&quot;fadeInLeft&quot;}\" data-widget_type=\"image.default\">\n\t\t\t\t<div class=\"elementor-widget-container\">\n\t\t\t\t\t\t\t\t\t\t\t\t\t\t\t<img fetchpriority=\"high\" decoding=\"async\" width=\"1333\" height=\"2000\" src=\"https:\/\/www.hyvaservice.fi\/wp-content\/uploads\/2023\/12\/construction-tools-and-toolbox-on-wooden-table-background-tools-kit-and-tool-box.jpg\" class=\"attachment-full size-full wp-image-60\" alt=\"Construction tools and toolbox on wooden table background. Tools kit and tool box\" srcset=\"https:\/\/www.hyvaservice.fi\/wp-content\/uploads\/2023\/12\/construction-tools-and-toolbox-on-wooden-table-background-tools-kit-and-tool-box.jpg 1333w, https:\/\/www.hyvaservice.fi\/wp-content\/uploads\/2023\/12\/construction-tools-and-toolbox-on-wooden-table-background-tools-kit-and-tool-box-200x300.jpg 200w, https:\/\/www.hyvaservice.fi\/wp-content\/uploads\/2023\/12\/construction-tools-and-toolbox-on-wooden-table-background-tools-kit-and-tool-box-682x1024.jpg 682w, https:\/\/www.hyvaservice.fi\/wp-content\/uploads\/2023\/12\/construction-tools-and-toolbox-on-wooden-table-background-tools-kit-and-tool-box-768x1152.jpg 768w, https:\/\/www.hyvaservice.fi\/wp-content\/uploads\/2023\/12\/construction-tools-and-toolbox-on-wooden-table-background-tools-kit-and-tool-box-1024x1536.jpg 1024w, https:\/\/www.hyvaservice.fi\/wp-content\/uploads\/2023\/12\/elementor\/thumbs\/construction-tools-and-toolbox-on-wooden-table-background-tools-kit-and-tool-box-150x150.jpg 2000w\" sizes=\"(max-width: 1333px) 100vw, 1333px\" \/>\t\t\t\t\t\t\t\t\t\t\t\t\t\t\t<\/div>\n\t\t\t\t<\/div>\n\t\t\t\t<section class=\"elementor-section elementor-inner-section elementor-element elementor-element-3b58ffd1 elementor-section-boxed elementor-section-height-default elementor-section-height-default\" data-id=\"3b58ffd1\" data-element_type=\"section\">\n\t\t\t\t\t\t<div class=\"elementor-container elementor-column-gap-default\">\n\t\t\t\t\t<div class=\"elementor-column elementor-col-50 elementor-inner-column elementor-element elementor-element-20557007\" data-id=\"20557007\" data-element_type=\"column\">\n\t\t\t<div class=\"elementor-widget-wrap\">\n\t\t\t\t\t\t\t<\/div>\n\t\t<\/div>\n\t\t\t\t<div class=\"elementor-column elementor-col-50 elementor-inner-column elementor-element elementor-element-3fb29e8b\" data-id=\"3fb29e8b\" data-element_type=\"column\">\n\t\t\t<div class=\"elementor-widget-wrap elementor-element-populated\">\n\t\t\t\t\t\t<div class=\"elementor-element elementor-element-3910aba4 elementor-invisible elementor-widget elementor-widget-image\" data-id=\"3910aba4\" data-element_type=\"widget\" data-settings=\"{&quot;_animation&quot;:&quot;fadeInUp&quot;}\" data-widget_type=\"image.default\">\n\t\t\t\t<div class=\"elementor-widget-container\">\n\t\t\t\t\t\t\t\t\t\t\t\t\t\t\t<img loading=\"lazy\" decoding=\"async\" width=\"1333\" height=\"2000\" src=\"https:\/\/www.hyvaservice.fi\/wp-content\/uploads\/2023\/12\/a-pair-of-construction-gloves-on-the-table-.jpg\" class=\"attachment-full size-full wp-image-61\" alt=\"A pair of construction gloves on the table.\" srcset=\"https:\/\/www.hyvaservice.fi\/wp-content\/uploads\/2023\/12\/a-pair-of-construction-gloves-on-the-table-.jpg 1333w, https:\/\/www.hyvaservice.fi\/wp-content\/uploads\/2023\/12\/a-pair-of-construction-gloves-on-the-table--200x300.jpg 200w, https:\/\/www.hyvaservice.fi\/wp-content\/uploads\/2023\/12\/a-pair-of-construction-gloves-on-the-table--682x1024.jpg 682w, https:\/\/www.hyvaservice.fi\/wp-content\/uploads\/2023\/12\/a-pair-of-construction-gloves-on-the-table--768x1152.jpg 768w, https:\/\/www.hyvaservice.fi\/wp-content\/uploads\/2023\/12\/a-pair-of-construction-gloves-on-the-table--1024x1536.jpg 1024w\" sizes=\"(max-width: 1333px) 100vw, 1333px\" \/>\t\t\t\t\t\t\t\t\t\t\t\t\t\t\t<\/div>\n\t\t\t\t<\/div>\n\t\t\t\t\t<\/div>\n\t\t<\/div>\n\t\t\t\t\t<\/div>\n\t\t<\/section>\n\t\t\t\t\t<\/div>\n\t\t<\/div>\n\t\t\t\t<div class=\"elementor-column elementor-col-50 elementor-top-column elementor-element elementor-element-3982e85c\" data-id=\"3982e85c\" data-element_type=\"column\">\n\t\t\t<div class=\"elementor-widget-wrap elementor-element-populated\">\n\t\t\t\t\t\t<div class=\"elementor-element elementor-element-6279fd9c elementor-widget elementor-widget-heading\" data-id=\"6279fd9c\" data-element_type=\"widget\" data-widget_type=\"heading.default\">\n\t\t\t\t<div class=\"elementor-widget-container\">\n\t\t\t\t\t<h5 class=\"elementor-heading-title elementor-size-default\">Yrityksest\u00e4<\/h5>\t\t\t\t<\/div>\n\t\t\t\t<\/div>\n\t\t\t\t<div class=\"elementor-element elementor-element-65e8f05 elementor-widget elementor-widget-heading\" data-id=\"65e8f05\" data-element_type=\"widget\" data-widget_type=\"heading.default\">\n\t\t\t\t<div class=\"elementor-widget-container\">\n\t\t\t\t\t<h2 class=\"elementor-heading-title elementor-size-default\">Tietoa Meist\u00e4<\/h2>\t\t\t\t<\/div>\n\t\t\t\t<\/div>\n\t\t\t\t<div class=\"elementor-element elementor-element-a43b636 elementor-widget elementor-widget-text-editor\" data-id=\"a43b636\" data-element_type=\"widget\" data-widget_type=\"text-editor.default\">\n\t\t\t\t<div class=\"elementor-widget-container\">\n\t\t\t\t\t\t\t\t\t<p>Tervetuloa Hyva Service Oy:n maailmaan, jossa yhdistyv\u00e4t ammattitaito, asiakasl\u00e4ht\u00f6isyys ja laadukkaat palvelut. Olemme nuori ja innokas yritys, mutta taustallamme on vuosien kokemus kiinteist\u00f6nhoidosta ja remonttit\u00f6ist\u00e4. Yrityksemme perustettiin vasta syksyll\u00e4 2023, mutta olemme jo saavuttaneet maineen luotettavana ja asiantuntevana kumppanina.<\/p><p>Palvelumme kattavat laajan kirjon kiinteist\u00f6nhuolto- ja remonttity\u00f6t\u00e4, ja pyrimme tarjoamaan asiakkaillemme kokonaisvaltaisia ratkaisuja, jotka vastaavat heid\u00e4n tarpeitaan.<\/p>\t\t\t\t\t\t\t\t<\/div>\n\t\t\t\t<\/div>\n\t\t\t\t<div class=\"elementor-element elementor-element-68953b09 elementor-widget elementor-widget-text-editor\" data-id=\"68953b09\" data-element_type=\"widget\" data-widget_type=\"text-editor.default\">\n\t\t\t\t<div class=\"elementor-widget-container\">\n\t\t\t\t\t\t\t\t\t<p>Hyva Service Oy on valmis auttamaan sinua kaikissa kiinteist\u00f6\u00f6si liittyviss\u00e4 tarpeissa. Olipa kyseess\u00e4 sitten kiinteist\u00f6n yll\u00e4pito, remontointi tai uudistusty\u00f6, voit luottaa meihin ammattimaisena ja luotettavana kumppanina. Ota yhteytt\u00e4 meihin ja anna meid\u00e4n auttaa sinua saavuttamaan unelmiesi kiinteist\u00f6.<\/p>\t\t\t\t\t\t\t\t<\/div>\n\t\t\t\t<\/div>\n\t\t\t\t\t<\/div>\n\t\t<\/div>\n\t\t\t\t\t<\/div>\n\t\t<\/section>\n\t\t\t\t<section class=\"elementor-section elementor-top-section elementor-element elementor-element-338f9708 elementor-section-full_width elementor-section-height-default elementor-section-height-default\" data-id=\"338f9708\" data-element_type=\"section\" data-settings=\"{&quot;background_background&quot;:&quot;classic&quot;}\">\n\t\t\t\t\t\t\t<div class=\"elementor-background-overlay\"><\/div>\n\t\t\t\t\t\t\t<div class=\"elementor-container elementor-column-gap-no\">\n\t\t\t\t\t<div class=\"elementor-column elementor-col-100 elementor-top-column elementor-element elementor-element-62a739a6\" data-id=\"62a739a6\" data-element_type=\"column\">\n\t\t\t<div class=\"elementor-widget-wrap elementor-element-populated\">\n\t\t\t\t\t\t<div class=\"elementor-element elementor-element-6e150470 elementor-widget__width-auto elementor-absolute premium-floating-effects-yes elementor-hidden-laptop elementor-hidden-tablet elementor-hidden-mobile elementor-invisible elementor-widget elementor-widget-image\" data-id=\"6e150470\" data-element_type=\"widget\" data-settings=\"{&quot;_position&quot;:&quot;absolute&quot;,&quot;premium_fe_translate_switcher&quot;:&quot;yes&quot;,&quot;_animation&quot;:&quot;fadeInDown&quot;,&quot;premium_fe_trigger&quot;:&quot;load&quot;,&quot;premium_fe_Xtranslate&quot;:{&quot;unit&quot;:&quot;px&quot;,&quot;size&quot;:&quot;&quot;,&quot;sizes&quot;:{&quot;from&quot;:0,&quot;to&quot;:5}},&quot;premium_fe_Ytranslate&quot;:{&quot;unit&quot;:&quot;px&quot;,&quot;size&quot;:&quot;&quot;,&quot;sizes&quot;:{&quot;from&quot;:0,&quot;to&quot;:5}},&quot;premium_fe_trans_duration&quot;:{&quot;unit&quot;:&quot;px&quot;,&quot;size&quot;:1000,&quot;sizes&quot;:[]},&quot;premium_fe_trans_delay&quot;:{&quot;unit&quot;:&quot;px&quot;,&quot;size&quot;:&quot;&quot;,&quot;sizes&quot;:[]},&quot;premium_fe_direction&quot;:&quot;alternate&quot;,&quot;premium_fe_loop&quot;:&quot;default&quot;,&quot;premium_fe_easing&quot;:&quot;easeInOutSine&quot;}\" data-widget_type=\"image.default\">\n\t\t\t\t<div class=\"elementor-widget-container\">\n\t\t\t\t\t\t\t\t\t\t\t\t\t\t\t<img decoding=\"async\" width=\"156\" height=\"284\" src=\"https:\/\/www.hyvaservice.fi\/wp-content\/uploads\/2023\/12\/hero-hanging-bulb.png\" class=\"attachment-full size-full wp-image-16\" alt=\"\" \/>\t\t\t\t\t\t\t\t\t\t\t\t\t\t\t<\/div>\n\t\t\t\t<\/div>\n\t\t\t\t\t<\/div>\n\t\t<\/div>\n\t\t\t\t\t<\/div>\n\t\t<\/section>\n\t\t\t\t<section class=\"elementor-section elementor-top-section elementor-element elementor-element-39e8411f elementor-section-boxed elementor-section-height-default elementor-section-height-default\" data-id=\"39e8411f\" data-element_type=\"section\" data-settings=\"{&quot;background_background&quot;:&quot;classic&quot;}\">\n\t\t\t\t\t\t\t<div class=\"elementor-background-overlay\"><\/div>\n\t\t\t\t\t\t\t<div class=\"elementor-container elementor-column-gap-no\">\n\t\t\t\t\t<div class=\"elementor-column elementor-col-100 elementor-top-column elementor-element elementor-element-245f5bad\" data-id=\"245f5bad\" data-element_type=\"column\">\n\t\t\t<div class=\"elementor-widget-wrap elementor-element-populated\">\n\t\t\t\t\t\t<div class=\"elementor-element elementor-element-652297bd elementor-invisible elementor-widget elementor-widget-heading\" data-id=\"652297bd\" data-element_type=\"widget\" data-settings=\"{&quot;_animation&quot;:&quot;fadeInRight&quot;}\" data-widget_type=\"heading.default\">\n\t\t\t\t<div class=\"elementor-widget-container\">\n\t\t\t\t\t<h5 class=\"elementor-heading-title elementor-size-default\">Arvot<\/h5>\t\t\t\t<\/div>\n\t\t\t\t<\/div>\n\t\t\t\t<div class=\"elementor-element elementor-element-1d2bd591 elementor-invisible elementor-widget elementor-widget-heading\" data-id=\"1d2bd591\" data-element_type=\"widget\" data-settings=\"{&quot;_animation&quot;:&quot;fadeInLeft&quot;}\" data-widget_type=\"heading.default\">\n\t\t\t\t<div class=\"elementor-widget-container\">\n\t\t\t\t\t<h2 class=\"elementor-heading-title elementor-size-default\">T\u00e4ss\u00e4 muutamia avainpiirteit\u00e4 yrityksest\u00e4mme<\/h2>\t\t\t\t<\/div>\n\t\t\t\t<\/div>\n\t\t\t\t<section class=\"elementor-section elementor-inner-section elementor-element elementor-element-615e3e64 elementor-section-boxed elementor-section-height-default elementor-section-height-default\" data-id=\"615e3e64\" data-element_type=\"section\">\n\t\t\t\t\t\t<div class=\"elementor-container elementor-column-gap-default\">\n\t\t\t\t\t<div class=\"elementor-column elementor-col-33 elementor-inner-column elementor-element elementor-element-52655eed\" data-id=\"52655eed\" data-element_type=\"column\" data-settings=\"{&quot;background_background&quot;:&quot;classic&quot;}\">\n\t\t\t<div class=\"elementor-widget-wrap elementor-element-populated\">\n\t\t\t\t\t\t<div class=\"elementor-element elementor-element-6bc1063f elementor-widget__width-auto elementor-absolute elementor-widget elementor-widget-image\" data-id=\"6bc1063f\" data-element_type=\"widget\" data-settings=\"{&quot;_position&quot;:&quot;absolute&quot;}\" data-widget_type=\"image.default\">\n\t\t\t\t<div class=\"elementor-widget-container\">\n\t\t\t\t\t\t\t\t\t\t\t\t\t\t\t<img loading=\"lazy\" decoding=\"async\" width=\"78\" height=\"78\" src=\"https:\/\/www.hyvaservice.fi\/wp-content\/uploads\/2023\/12\/process-1-image.png\" class=\"attachment-full size-full wp-image-32\" alt=\"\" \/>\t\t\t\t\t\t\t\t\t\t\t\t\t\t\t<\/div>\n\t\t\t\t<\/div>\n\t\t\t\t<div class=\"elementor-element elementor-element-b62ec4c elementor-widget elementor-widget-heading\" data-id=\"b62ec4c\" data-element_type=\"widget\" data-widget_type=\"heading.default\">\n\t\t\t\t<div class=\"elementor-widget-container\">\n\t\t\t\t\t<h2 class=\"elementor-heading-title elementor-size-default\">01<\/h2>\t\t\t\t<\/div>\n\t\t\t\t<\/div>\n\t\t\t\t<div class=\"elementor-element elementor-element-3473a937 elementor-widget elementor-widget-heading\" data-id=\"3473a937\" data-element_type=\"widget\" data-widget_type=\"heading.default\">\n\t\t\t\t<div class=\"elementor-widget-container\">\n\t\t\t\t\t<h4 class=\"elementor-heading-title elementor-size-default\">Monipuoliset Palvelut<\/h4>\t\t\t\t<\/div>\n\t\t\t\t<\/div>\n\t\t\t\t<div class=\"elementor-element elementor-element-1ef7b5ca elementor-widget elementor-widget-text-editor\" data-id=\"1ef7b5ca\" data-element_type=\"widget\" data-widget_type=\"text-editor.default\">\n\t\t\t\t<div class=\"elementor-widget-container\">\n\t\t\t\t\t\t\t\t\t<p>Tarjoamme kiinteist\u00f6nhuoltopalveluja, lattia-asennuksia, wc-remontteja, maalaust\u00f6it\u00e4 ja paljon muuta. Olemme monipalveluyritys, joka auttaa asiakkaitaan kaikissa kiinteist\u00f6\u00f6n liittyviss\u00e4 tarpeissa.<\/p>\t\t\t\t\t\t\t\t<\/div>\n\t\t\t\t<\/div>\n\t\t\t\t\t<\/div>\n\t\t<\/div>\n\t\t\t\t<div class=\"elementor-column elementor-col-33 elementor-inner-column elementor-element elementor-element-4a3b8f05\" data-id=\"4a3b8f05\" data-element_type=\"column\" data-settings=\"{&quot;background_background&quot;:&quot;classic&quot;}\">\n\t\t\t<div class=\"elementor-widget-wrap elementor-element-populated\">\n\t\t\t\t\t\t<div class=\"elementor-element elementor-element-30719859 elementor-widget__width-auto elementor-absolute elementor-widget elementor-widget-image\" data-id=\"30719859\" data-element_type=\"widget\" data-settings=\"{&quot;_position&quot;:&quot;absolute&quot;}\" data-widget_type=\"image.default\">\n\t\t\t\t<div class=\"elementor-widget-container\">\n\t\t\t\t\t\t\t\t\t\t\t\t\t\t\t<img loading=\"lazy\" decoding=\"async\" width=\"78\" height=\"78\" src=\"https:\/\/www.hyvaservice.fi\/wp-content\/uploads\/2023\/12\/process-2-image.png\" class=\"attachment-full size-full wp-image-33\" alt=\"\" \/>\t\t\t\t\t\t\t\t\t\t\t\t\t\t\t<\/div>\n\t\t\t\t<\/div>\n\t\t\t\t<div class=\"elementor-element elementor-element-3d0a5e7c elementor-widget elementor-widget-heading\" data-id=\"3d0a5e7c\" data-element_type=\"widget\" data-widget_type=\"heading.default\">\n\t\t\t\t<div class=\"elementor-widget-container\">\n\t\t\t\t\t<h2 class=\"elementor-heading-title elementor-size-default\">02<\/h2>\t\t\t\t<\/div>\n\t\t\t\t<\/div>\n\t\t\t\t<div class=\"elementor-element elementor-element-74b89ced elementor-widget elementor-widget-heading\" data-id=\"74b89ced\" data-element_type=\"widget\" data-widget_type=\"heading.default\">\n\t\t\t\t<div class=\"elementor-widget-container\">\n\t\t\t\t\t<h4 class=\"elementor-heading-title elementor-size-default\">Asiakasl\u00e4ht\u00f6isyys<\/h4>\t\t\t\t<\/div>\n\t\t\t\t<\/div>\n\t\t\t\t<div class=\"elementor-element elementor-element-7ca449b8 elementor-widget elementor-widget-text-editor\" data-id=\"7ca449b8\" data-element_type=\"widget\" data-widget_type=\"text-editor.default\">\n\t\t\t\t<div class=\"elementor-widget-container\">\n\t\t\t\t\t\t\t\t\t<p>Kuuntelemme asiakkaitamme ja pyrimme ymm\u00e4rt\u00e4m\u00e4\u00e4n heid\u00e4n tarpeensa yksil\u00f6llisesti. Pyrimme tarjoamaan r\u00e4\u00e4t\u00e4l\u00f6ityj\u00e4 ratkaisuja, jotka t\u00e4ytt\u00e4v\u00e4t asiakkaidemme odotukset.<\/p>\t\t\t\t\t\t\t\t<\/div>\n\t\t\t\t<\/div>\n\t\t\t\t\t<\/div>\n\t\t<\/div>\n\t\t\t\t<div class=\"elementor-column elementor-col-33 elementor-inner-column elementor-element elementor-element-4251be99\" data-id=\"4251be99\" data-element_type=\"column\" data-settings=\"{&quot;background_background&quot;:&quot;classic&quot;}\">\n\t\t\t<div class=\"elementor-widget-wrap elementor-element-populated\">\n\t\t\t\t\t\t<div class=\"elementor-element elementor-element-6e741e83 elementor-widget__width-auto elementor-absolute elementor-widget elementor-widget-image\" data-id=\"6e741e83\" data-element_type=\"widget\" data-settings=\"{&quot;_position&quot;:&quot;absolute&quot;}\" data-widget_type=\"image.default\">\n\t\t\t\t<div class=\"elementor-widget-container\">\n\t\t\t\t\t\t\t\t\t\t\t\t\t\t\t<img loading=\"lazy\" decoding=\"async\" width=\"79\" height=\"79\" src=\"https:\/\/www.hyvaservice.fi\/wp-content\/uploads\/2023\/12\/process-3-icon.png\" class=\"attachment-full size-full wp-image-34\" alt=\"\" \/>\t\t\t\t\t\t\t\t\t\t\t\t\t\t\t<\/div>\n\t\t\t\t<\/div>\n\t\t\t\t<div class=\"elementor-element elementor-element-f3fc7b1 elementor-widget elementor-widget-heading\" data-id=\"f3fc7b1\" data-element_type=\"widget\" data-widget_type=\"heading.default\">\n\t\t\t\t<div class=\"elementor-widget-container\">\n\t\t\t\t\t<h2 class=\"elementor-heading-title elementor-size-default\">03<\/h2>\t\t\t\t<\/div>\n\t\t\t\t<\/div>\n\t\t\t\t<div class=\"elementor-element elementor-element-146a78b7 elementor-widget elementor-widget-heading\" data-id=\"146a78b7\" data-element_type=\"widget\" data-widget_type=\"heading.default\">\n\t\t\t\t<div class=\"elementor-widget-container\">\n\t\t\t\t\t<h4 class=\"elementor-heading-title elementor-size-default\">Laatu ja Tarkkuus<\/h4>\t\t\t\t<\/div>\n\t\t\t\t<\/div>\n\t\t\t\t<div class=\"elementor-element elementor-element-3767e9cc elementor-widget elementor-widget-text-editor\" data-id=\"3767e9cc\" data-element_type=\"widget\" data-widget_type=\"text-editor.default\">\n\t\t\t\t<div class=\"elementor-widget-container\">\n\t\t\t\t\t\t\t\t\t<p>Panostamme laatuun ja tarkkuuteen jokaisessa projektissamme. Tavoitteenamme on aina saavuttaa erinomainen lopputulos, oli kyseess\u00e4 sitten pieni korjausty\u00f6 tai suuri remontti.<\/p>\t\t\t\t\t\t\t\t<\/div>\n\t\t\t\t<\/div>\n\t\t\t\t\t<\/div>\n\t\t<\/div>\n\t\t\t\t\t<\/div>\n\t\t<\/section>\n\t\t\t\t\t<\/div>\n\t\t<\/div>\n\t\t\t\t\t<\/div>\n\t\t<\/section>\n\t\t\t\t<\/div>\n\t\t","protected":false},"excerpt":{"rendered":"<p>Tietoa Koti &#8211; Yrityksest\u00e4 Yrityksest\u00e4 Tietoa Meist\u00e4 Tervetuloa Hyva Service Oy:n maailmaan, jossa yhdistyv\u00e4t ammattitaito, asiakasl\u00e4ht\u00f6isyys ja laadukkaat palvelut. Olemme nuori ja innokas yritys, mutta taustallamme on vuosien kokemus kiinteist\u00f6nhoidosta ja remonttit\u00f6ist\u00e4. Yrityksemme perustettiin vasta syksyll\u00e4 2023, mutta olemme jo saavuttaneet maineen luotettavana ja asiantuntevana kumppanina. Palvelumme kattavat laajan kirjon kiinteist\u00f6nhuolto- ja remonttity\u00f6t\u00e4, ja pyrimme [&hellip;]<\/p>\n","protected":false},"author":1,"featured_media":0,"parent":0,"menu_order":0,"comment_status":"closed","ping_status":"closed","template":"","meta":{"footnotes":""},"_links":{"self":[{"href":"https:\/\/www.hyvaservice.fi\/index.php\/wp-json\/wp\/v2\/pages\/129"}],"collection":[{"href":"https:\/\/www.hyvaservice.fi\/index.php\/wp-json\/wp\/v2\/pages"}],"about":[{"href":"https:\/\/www.hyvaservice.fi\/index.php\/wp-json\/wp\/v2\/types\/page"}],"author":[{"embeddable":true,"href":"https:\/\/www.hyvaservice.fi\/index.php\/wp-json\/wp\/v2\/users\/1"}],"replies":[{"embeddable":true,"href":"https:\/\/www.hyvaservice.fi\/index.php\/wp-json\/wp\/v2\/comments?post=129"}],"version-history":[{"count":19,"href":"https:\/\/www.hyvaservice.fi\/index.php\/wp-json\/wp\/v2\/pages\/129\/revisions"}],"predecessor-version":[{"id":262,"href":"https:\/\/www.hyvaservice.fi\/index.php\/wp-json\/wp\/v2\/pages\/129\/revisions\/262"}],"wp:attachment":[{"href":"https:\/\/www.hyvaservice.fi\/index.php\/wp-json\/wp\/v2\/media?parent=129"}],"curies":[{"name":"wp","href":"https:\/\/api.w.org\/{rel}","templated":true}]}}